{"id":2,"date":"2016-05-10T03:48:21","date_gmt":"2016-05-10T03:48:21","guid":{"rendered":"http:\/\/grupolbs.com.mx\/?page_id=2"},"modified":"2020-04-21T18:13:47","modified_gmt":"2020-04-21T18:13:47","slug":"sample-page","status":"publish","type":"page","link":"http:\/\/grupolbs.com.mx\/?page_id=2","title":{"rendered":"Nuestros Servicios"},"content":{"rendered":"<p>Grupo LBS es una empresa fundada en el a\u00f1o de 1999, siempre pensando en el mejor SERVICIO a nuestros clientes.<\/p>\n<p>Somos un grupo de profesionales en el \u00e1mbito de Bienes Ra\u00edces, especializados en la atenci\u00f3n completa de nuestros Clientes, para la adquisici\u00f3n, renta y administraci\u00f3n de sus inmuebles, del mismo modo contando con la atenci\u00f3n\u00a0 de Brokers Especializados en el tr\u00e1mite de Cr\u00e9dito Hipotecarios con todas las instituciones financieras.<\/p>\n","protected":false},"excerpt":{"rendered":"<p>Grupo LBS es una empresa fundada en el a\u00f1o de 1999, siempre pensando en el mejor SERVICIO a nuestros clientes. Somos un grupo de profesionales en el \u00e1mbito de Bienes Ra\u00edces, especializados en la atenci\u00f3n completa de nuestros Clientes, para la adquisici\u00f3n, renta y administraci\u00f3n de sus inmuebles, del mismo modo contando con la atenci\u00f3n\u00a0 &hellip; <\/p>\n<p class=\"link-more\"><a href=\"http:\/\/grupolbs.com.mx\/?page_id=2\" class=\"more-link\">Continuar leyendo<span class=\"screen-reader-text\"> \u00abNuestros Servicios\u00bb<\/span><\/a><\/p>\n","protected":false},"author":1,"featured_media":0,"parent":0,"menu_order":0,"comment_status":"closed","ping_status":"open","template":"","meta":{"footnotes":""},"class_list":["post-2","page","type-page","status-publish","hentry"],"_links":{"self":[{"href":"http:\/\/grupolbs.com.mx\/index.php?rest_route=\/wp\/v2\/pages\/2","targetHints":{"allow":["GET"]}}],"collection":[{"href":"http:\/\/grupolbs.com.mx\/index.php?rest_route=\/wp\/v2\/pages"}],"about":[{"href":"http:\/\/grupolbs.com.mx\/index.php?rest_route=\/wp\/v2\/types\/page"}],"author":[{"embeddable":true,"href":"http:\/\/grupolbs.com.mx\/index.php?rest_route=\/wp\/v2\/users\/1"}],"replies":[{"embeddable":true,"href":"http:\/\/grupolbs.com.mx\/index.php?rest_route=%2Fwp%2Fv2%2Fcomments&post=2"}],"version-history":[{"count":1,"href":"http:\/\/grupolbs.com.mx\/index.php?rest_route=\/wp\/v2\/pages\/2\/revisions"}],"predecessor-version":[{"id":16,"href":"http:\/\/grupolbs.com.mx\/index.php?rest_route=\/wp\/v2\/pages\/2\/revisions\/16"}],"wp:attachment":[{"href":"http:\/\/grupolbs.com.mx\/index.php?rest_route=%2Fwp%2Fv2%2Fmedia&parent=2"}],"curies":[{"name":"wp","href":"https:\/\/api.w.org\/{rel}","templated":true}]}}